{"id":4620,"date":"2021-12-16T11:53:23","date_gmt":"2021-12-16T10:53:23","guid":{"rendered":"https:\/\/www.tonon.com\/equipements-medicales\/sistemi-di-scaffalature-modulari\/"},"modified":"2022-12-01T10:07:56","modified_gmt":"2022-12-01T09:07:56","slug":"systemes-de-rayonnages-modulaires","status":"publish","type":"page","link":"https:\/\/www.tonon.com\/fr\/equipements-medicales\/systemes-de-rayonnages-modulaires\/","title":{"rendered":"Systemes de rayonnages modulaires"},"content":{"rendered":"","protected":false},"excerpt":{"rendered":"","protected":false},"author":1,"featured_media":0,"parent":2548,"menu_order":0,"comment_status":"closed","ping_status":"closed","template":"","meta":{"_monsterinsights_skip_tracking":false,"_monsterinsights_sitenote_active":false,"_monsterinsights_sitenote_note":"","_monsterinsights_sitenote_category":0,"footnotes":""},"class_list":["post-4620","page","type-page","status-publish","hentry"],"yoast_head":"<!-- This site is optimized with the Yoast SEO Premium plugin v21.2 (Yoast SEO v27.0) - https:\/\/yoast.com\/product\/yoast-seo-premium-wordpress\/ -->\n<title>Syst\u00e8mes de rayonnages modulaires | Tonon<\/title>\n<meta name=\"description\" content=\"D\u00e9couvrez les syst\u00e8mes de rayonnages modulaires et sur mesure pour h\u00f4pitaux: rayonnages anti-bact\u00e9ries et syst\u00e8mes pour salles blanches Tonon.\" \/>\n<meta name=\"robots\" content=\"index, follow, max-snippet:-1, max-image-preview:large, max-video-preview:-1\" \/>\n<link rel=\"canonical\" href=\"https:\/\/www.tonon.com\/fr\/equipements-medicales\/systemes-de-rayonnages-modulaires\/\" \/>\n<meta property=\"og:locale\" content=\"fr_FR\" \/>\n<meta property=\"og:type\" content=\"article\" \/>\n<meta property=\"og:title\" content=\"Systemes de rayonnages modulaires\" \/>\n<meta property=\"og:description\" content=\"D\u00e9couvrez les syst\u00e8mes de rayonnages modulaires et sur mesure pour h\u00f4pitaux: rayonnages anti-bact\u00e9ries et syst\u00e8mes pour salles blanches Tonon.\" \/>\n<meta property=\"og:url\" content=\"https:\/\/www.tonon.com\/fr\/equipements-medicales\/systemes-de-rayonnages-modulaires\/\" \/>\n<meta property=\"og:site_name\" content=\"Tonon\" \/>\n<meta property=\"article:modified_time\" content=\"2022-12-01T09:07:56+00:00\" \/>\n<meta name=\"twitter:card\" content=\"summary_large_image\" \/>\n<!-- \/ Yoast SEO Premium plugin. -->","yoast_head_json":{"title":"Syst\u00e8mes de rayonnages modulaires | Tonon","description":"D\u00e9couvrez les syst\u00e8mes de rayonnages modulaires et sur mesure pour h\u00f4pitaux: rayonnages anti-bact\u00e9ries et syst\u00e8mes pour salles blanches Tonon.","robots":{"index":"index","follow":"follow","max-snippet":"max-snippet:-1","max-image-preview":"max-image-preview:large","max-video-preview":"max-video-preview:-1"},"canonical":"https:\/\/www.tonon.com\/fr\/equipements-medicales\/systemes-de-rayonnages-modulaires\/","og_locale":"fr_FR","og_type":"article","og_title":"Systemes de rayonnages modulaires","og_description":"D\u00e9couvrez les syst\u00e8mes de rayonnages modulaires et sur mesure pour h\u00f4pitaux: rayonnages anti-bact\u00e9ries et syst\u00e8mes pour salles blanches Tonon.","og_url":"https:\/\/www.tonon.com\/fr\/equipements-medicales\/systemes-de-rayonnages-modulaires\/","og_site_name":"Tonon","article_modified_time":"2022-12-01T09:07:56+00:00","twitter_card":"summary_large_image","schema":{"@context":"https:\/\/schema.org","@graph":[{"@type":"WebPage","@id":"https:\/\/www.tonon.com\/fr\/equipements-medicales\/systemes-de-rayonnages-modulaires\/","url":"https:\/\/www.tonon.com\/fr\/equipements-medicales\/systemes-de-rayonnages-modulaires\/","name":"Syst\u00e8mes de rayonnages modulaires | Tonon","isPartOf":{"@id":"https:\/\/www.tonon.com\/#website"},"datePublished":"2021-12-16T10:53:23+00:00","dateModified":"2022-12-01T09:07:56+00:00","description":"D\u00e9couvrez les syst\u00e8mes de rayonnages modulaires et sur mesure pour h\u00f4pitaux: rayonnages anti-bact\u00e9ries et syst\u00e8mes pour salles blanches Tonon.","breadcrumb":{"@id":"https:\/\/www.tonon.com\/fr\/equipements-medicales\/systemes-de-rayonnages-modulaires\/#breadcrumb"},"inLanguage":"fr-FR","potentialAction":[{"@type":"ReadAction","target":["https:\/\/www.tonon.com\/fr\/equipements-medicales\/systemes-de-rayonnages-modulaires\/"]}]},{"@type":"BreadcrumbList","@id":"https:\/\/www.tonon.com\/fr\/equipements-medicales\/systemes-de-rayonnages-modulaires\/#breadcrumb","itemListElement":[{"@type":"ListItem","position":1,"name":"Home","item":"https:\/\/www.tonon.com\/fr\/"},{"@type":"ListItem","position":2,"name":"Equipements Medicales","item":"https:\/\/www.tonon.com\/fr\/equipements-medicales\/"},{"@type":"ListItem","position":3,"name":"Systemes de rayonnages modulaires"}]},{"@type":"WebSite","@id":"https:\/\/www.tonon.com\/#website","url":"https:\/\/www.tonon.com\/","name":"Tonon","description":"Attrezzatture alimentari e medicali","publisher":{"@id":"https:\/\/www.tonon.com\/#organization"},"potentialAction":[{"@type":"SearchAction","target":{"@type":"EntryPoint","urlTemplate":"https:\/\/www.tonon.com\/?s={search_term_string}"},"query-input":{"@type":"PropertyValueSpecification","valueRequired":true,"valueName":"search_term_string"}}],"inLanguage":"fr-FR"},{"@type":"Organization","@id":"https:\/\/www.tonon.com\/#organization","name":"Tonon Srl","url":"https:\/\/www.tonon.com\/","logo":{"@type":"ImageObject","inLanguage":"fr-FR","@id":"https:\/\/www.tonon.com\/#\/schema\/logo\/image\/","url":"https:\/\/www.tonon.com\/wp-content\/uploads\/2020\/01\/tonon-map-italy.png","contentUrl":"https:\/\/www.tonon.com\/wp-content\/uploads\/2020\/01\/tonon-map-italy.png","width":250,"height":53,"caption":"Tonon Srl"},"image":{"@id":"https:\/\/www.tonon.com\/#\/schema\/logo\/image\/"}}]}},"_links":{"self":[{"href":"https:\/\/www.tonon.com\/fr\/wp-json\/wp\/v2\/pages\/4620","targetHints":{"allow":["GET"]}}],"collection":[{"href":"https:\/\/www.tonon.com\/fr\/wp-json\/wp\/v2\/pages"}],"about":[{"href":"https:\/\/www.tonon.com\/fr\/wp-json\/wp\/v2\/types\/page"}],"author":[{"embeddable":true,"href":"https:\/\/www.tonon.com\/fr\/wp-json\/wp\/v2\/users\/1"}],"replies":[{"embeddable":true,"href":"https:\/\/www.tonon.com\/fr\/wp-json\/wp\/v2\/comments?post=4620"}],"version-history":[{"count":1,"href":"https:\/\/www.tonon.com\/fr\/wp-json\/wp\/v2\/pages\/4620\/revisions"}],"predecessor-version":[{"id":5301,"href":"https:\/\/www.tonon.com\/fr\/wp-json\/wp\/v2\/pages\/4620\/revisions\/5301"}],"up":[{"embeddable":true,"href":"https:\/\/www.tonon.com\/fr\/wp-json\/wp\/v2\/pages\/2548"}],"wp:attachment":[{"href":"https:\/\/www.tonon.com\/fr\/wp-json\/wp\/v2\/media?parent=4620"}],"curies":[{"name":"wp","href":"https:\/\/api.w.org\/{rel}","templated":true}]}}