{"id":3324,"date":"2020-04-05T16:09:35","date_gmt":"2020-04-05T14:09:35","guid":{"rendered":"https:\/\/www.tonon.com\/equipements-medicales\/portabottiglie-per-disinfettanti\/"},"modified":"2022-03-09T12:25:03","modified_gmt":"2022-03-09T11:25:03","slug":"porte-bouteille-desinfectant","status":"publish","type":"page","link":"https:\/\/www.tonon.com\/fr\/equipements-medicales\/lutte-contre-covid-19\/porte-bouteille-desinfectant\/","title":{"rendered":"Porte-bouteille d\u00e9sinfectant"},"content":{"rendered":"","protected":false},"excerpt":{"rendered":"<p>Les porte-bouteilles pour produits d\u00e9sinfectants Tonon sont lavables et \u00e9quip\u00e9s d&#8217;un syst\u00e8me antivol. Bouteilles et distributeurs disponibles.<\/p>\n","protected":false},"author":1,"featured_media":3343,"parent":4627,"menu_order":0,"comment_status":"closed","ping_status":"closed","template":"","meta":{"_monsterinsights_skip_tracking":false,"_monsterinsights_sitenote_active":false,"_monsterinsights_sitenote_note":"","_monsterinsights_sitenote_category":0,"footnotes":""},"class_list":["post-3324","page","type-page","status-publish","has-post-thumbnail","hentry"],"yoast_head":"<!-- This site is optimized with the Yoast SEO Premium plugin v21.2 (Yoast SEO v27.0) - https:\/\/yoast.com\/product\/yoast-seo-premium-wordpress\/ -->\n<title>Porte-bouteilles pour produits d\u00e9sinfectants | Tonon<\/title>\n<meta name=\"description\" content=\"Les porte-bouteilles pour produits d\u00e9sinfectants Tonon sont lavables et \u00e9quip\u00e9s d&#039;un syst\u00e8me antivol. Bouteilles et distributeurs disponibles.\" \/>\n<meta name=\"robots\" content=\"index, follow, max-snippet:-1, max-image-preview:large, max-video-preview:-1\" \/>\n<link rel=\"canonical\" href=\"https:\/\/www.tonon.com\/fr\/equipements-medicales\/lutte-contre-covid-19\/porte-bouteille-desinfectant\/\" \/>\n<meta property=\"og:locale\" content=\"fr_FR\" \/>\n<meta property=\"og:type\" content=\"article\" \/>\n<meta property=\"og:title\" content=\"Porte-bouteilles pour produits d\u00e9sinfectants | Tonon\" \/>\n<meta property=\"og:description\" content=\"Les porte-bouteilles pour produits d\u00e9sinfectants Tonon sont lavables et \u00e9quip\u00e9s d&#039;un syst\u00e8me antivol. Bouteilles et distributeurs disponibles.\" \/>\n<meta property=\"og:url\" content=\"https:\/\/www.tonon.com\/fr\/equipements-medicales\/lutte-contre-covid-19\/porte-bouteille-desinfectant\/\" \/>\n<meta property=\"og:site_name\" content=\"Tonon\" \/>\n<meta property=\"article:modified_time\" content=\"2022-03-09T11:25:03+00:00\" \/>\n<meta property=\"og:image\" content=\"https:\/\/www.tonon.com\/wp-content\/uploads\/2021\/01\/porte-bouteille-desinfectant.jpg\" \/>\n\t<meta property=\"og:image:width\" content=\"1200\" \/>\n\t<meta property=\"og:image:height\" content=\"1200\" \/>\n\t<meta property=\"og:image:type\" content=\"image\/jpeg\" \/>\n<meta name=\"twitter:card\" content=\"summary_large_image\" \/>\n<meta name=\"twitter:title\" content=\"Porte-bouteilles pour produits d\u00e9sinfectants | Tonon\" \/>\n<meta name=\"twitter:description\" content=\"Les porte-bouteilles pour produits d\u00e9sinfectants Tonon sont lavables et \u00e9quip\u00e9s d&#039;un syst\u00e8me antivol. Bouteilles et distributeurs disponibles.\" \/>\n<!-- \/ Yoast SEO Premium plugin. -->","yoast_head_json":{"title":"Porte-bouteilles pour produits d\u00e9sinfectants | Tonon","description":"Les porte-bouteilles pour produits d\u00e9sinfectants Tonon sont lavables et \u00e9quip\u00e9s d'un syst\u00e8me antivol. Bouteilles et distributeurs disponibles.","robots":{"index":"index","follow":"follow","max-snippet":"max-snippet:-1","max-image-preview":"max-image-preview:large","max-video-preview":"max-video-preview:-1"},"canonical":"https:\/\/www.tonon.com\/fr\/equipements-medicales\/lutte-contre-covid-19\/porte-bouteille-desinfectant\/","og_locale":"fr_FR","og_type":"article","og_title":"Porte-bouteilles pour produits d\u00e9sinfectants | Tonon","og_description":"Les porte-bouteilles pour produits d\u00e9sinfectants Tonon sont lavables et \u00e9quip\u00e9s d'un syst\u00e8me antivol. Bouteilles et distributeurs disponibles.","og_url":"https:\/\/www.tonon.com\/fr\/equipements-medicales\/lutte-contre-covid-19\/porte-bouteille-desinfectant\/","og_site_name":"Tonon","article_modified_time":"2022-03-09T11:25:03+00:00","og_image":[{"width":1200,"height":1200,"url":"https:\/\/www.tonon.com\/wp-content\/uploads\/2021\/01\/porte-bouteille-desinfectant.jpg","type":"image\/jpeg"}],"twitter_card":"summary_large_image","twitter_title":"Porte-bouteilles pour produits d\u00e9sinfectants | Tonon","twitter_description":"Les porte-bouteilles pour produits d\u00e9sinfectants Tonon sont lavables et \u00e9quip\u00e9s d'un syst\u00e8me antivol. Bouteilles et distributeurs disponibles.","schema":{"@context":"https:\/\/schema.org","@graph":[{"@type":"WebPage","@id":"https:\/\/www.tonon.com\/fr\/equipements-medicales\/lutte-contre-covid-19\/porte-bouteille-desinfectant\/","url":"https:\/\/www.tonon.com\/fr\/equipements-medicales\/lutte-contre-covid-19\/porte-bouteille-desinfectant\/","name":"Porte-bouteilles pour produits d\u00e9sinfectants | Tonon","isPartOf":{"@id":"https:\/\/www.tonon.com\/#website"},"primaryImageOfPage":{"@id":"https:\/\/www.tonon.com\/fr\/equipements-medicales\/lutte-contre-covid-19\/porte-bouteille-desinfectant\/#primaryimage"},"image":{"@id":"https:\/\/www.tonon.com\/fr\/equipements-medicales\/lutte-contre-covid-19\/porte-bouteille-desinfectant\/#primaryimage"},"thumbnailUrl":"https:\/\/www.tonon.com\/wp-content\/uploads\/2021\/01\/porte-bouteille-desinfectant.jpg","datePublished":"2020-04-05T14:09:35+00:00","dateModified":"2022-03-09T11:25:03+00:00","description":"Les porte-bouteilles pour produits d\u00e9sinfectants Tonon sont lavables et \u00e9quip\u00e9s d'un syst\u00e8me antivol. Bouteilles et distributeurs disponibles.","breadcrumb":{"@id":"https:\/\/www.tonon.com\/fr\/equipements-medicales\/lutte-contre-covid-19\/porte-bouteille-desinfectant\/#breadcrumb"},"inLanguage":"fr-FR","potentialAction":[{"@type":"ReadAction","target":["https:\/\/www.tonon.com\/fr\/equipements-medicales\/lutte-contre-covid-19\/porte-bouteille-desinfectant\/"]}]},{"@type":"ImageObject","inLanguage":"fr-FR","@id":"https:\/\/www.tonon.com\/fr\/equipements-medicales\/lutte-contre-covid-19\/porte-bouteille-desinfectant\/#primaryimage","url":"https:\/\/www.tonon.com\/wp-content\/uploads\/2021\/01\/porte-bouteille-desinfectant.jpg","contentUrl":"https:\/\/www.tonon.com\/wp-content\/uploads\/2021\/01\/porte-bouteille-desinfectant.jpg","width":1200,"height":1200,"caption":"porte bouteille d\u00e9sinfectant"},{"@type":"BreadcrumbList","@id":"https:\/\/www.tonon.com\/fr\/equipements-medicales\/lutte-contre-covid-19\/porte-bouteille-desinfectant\/#breadcrumb","itemListElement":[{"@type":"ListItem","position":1,"name":"Home","item":"https:\/\/www.tonon.com\/fr\/"},{"@type":"ListItem","position":2,"name":"Equipements Medicales","item":"https:\/\/www.tonon.com\/fr\/equipements-medicales\/"},{"@type":"ListItem","position":3,"name":"Lutte contre Covid-19","item":"https:\/\/www.tonon.com\/fr\/equipements-medicales\/lutte-contre-covid-19\/"},{"@type":"ListItem","position":4,"name":"Porte-bouteille d\u00e9sinfectant"}]},{"@type":"WebSite","@id":"https:\/\/www.tonon.com\/#website","url":"https:\/\/www.tonon.com\/","name":"Tonon","description":"Attrezzatture alimentari e medicali","publisher":{"@id":"https:\/\/www.tonon.com\/#organization"},"potentialAction":[{"@type":"SearchAction","target":{"@type":"EntryPoint","urlTemplate":"https:\/\/www.tonon.com\/?s={search_term_string}"},"query-input":{"@type":"PropertyValueSpecification","valueRequired":true,"valueName":"search_term_string"}}],"inLanguage":"fr-FR"},{"@type":"Organization","@id":"https:\/\/www.tonon.com\/#organization","name":"Tonon Srl","url":"https:\/\/www.tonon.com\/","logo":{"@type":"ImageObject","inLanguage":"fr-FR","@id":"https:\/\/www.tonon.com\/#\/schema\/logo\/image\/","url":"https:\/\/www.tonon.com\/wp-content\/uploads\/2020\/01\/tonon-map-italy.png","contentUrl":"https:\/\/www.tonon.com\/wp-content\/uploads\/2020\/01\/tonon-map-italy.png","width":250,"height":53,"caption":"Tonon Srl"},"image":{"@id":"https:\/\/www.tonon.com\/#\/schema\/logo\/image\/"}}]}},"_links":{"self":[{"href":"https:\/\/www.tonon.com\/fr\/wp-json\/wp\/v2\/pages\/3324","targetHints":{"allow":["GET"]}}],"collection":[{"href":"https:\/\/www.tonon.com\/fr\/wp-json\/wp\/v2\/pages"}],"about":[{"href":"https:\/\/www.tonon.com\/fr\/wp-json\/wp\/v2\/types\/page"}],"author":[{"embeddable":true,"href":"https:\/\/www.tonon.com\/fr\/wp-json\/wp\/v2\/users\/1"}],"replies":[{"embeddable":true,"href":"https:\/\/www.tonon.com\/fr\/wp-json\/wp\/v2\/comments?post=3324"}],"version-history":[{"count":1,"href":"https:\/\/www.tonon.com\/fr\/wp-json\/wp\/v2\/pages\/3324\/revisions"}],"predecessor-version":[{"id":5322,"href":"https:\/\/www.tonon.com\/fr\/wp-json\/wp\/v2\/pages\/3324\/revisions\/5322"}],"up":[{"embeddable":true,"href":"https:\/\/www.tonon.com\/fr\/wp-json\/wp\/v2\/pages\/4627"}],"wp:featuredmedia":[{"embeddable":true,"href":"https:\/\/www.tonon.com\/fr\/wp-json\/wp\/v2\/media\/3343"}],"wp:attachment":[{"href":"https:\/\/www.tonon.com\/fr\/wp-json\/wp\/v2\/media?parent=3324"}],"curies":[{"name":"wp","href":"https:\/\/api.w.org\/{rel}","templated":true}]}}