{"id":3312,"date":"2020-03-31T09:45:53","date_gmt":"2020-03-31T07:45:53","guid":{"rendered":"https:\/\/www.tonon.com\/equipements-medicales\/contenitore-guanti-monouso\/"},"modified":"2022-03-09T12:24:41","modified_gmt":"2022-03-09T11:24:41","slug":"boite-a-gants","status":"publish","type":"page","link":"https:\/\/www.tonon.com\/fr\/equipements-medicales\/lutte-contre-covid-19\/boite-a-gants\/","title":{"rendered":"Bo\u00eete \u00e0 gants"},"content":{"rendered":"","protected":false},"excerpt":{"rendered":"<p>Facile \u00e0 nettoyer, compatible avec la plupart des tailles de bo\u00eetes \u00e0 gants jetables.<\/p>\n","protected":false},"author":1,"featured_media":0,"parent":4627,"menu_order":0,"comment_status":"closed","ping_status":"closed","template":"","meta":{"_monsterinsights_skip_tracking":false,"_monsterinsights_sitenote_active":false,"_monsterinsights_sitenote_note":"","_monsterinsights_sitenote_category":0,"footnotes":""},"class_list":["post-3312","page","type-page","status-publish","hentry"],"yoast_head":"<!-- This site is optimized with the Yoast SEO Premium plugin v21.2 (Yoast SEO v27.0) - https:\/\/yoast.com\/product\/yoast-seo-premium-wordpress\/ -->\n<title>Contenants gants \u00e0 usage unique | Tonon<\/title>\n<meta name=\"description\" content=\"Faciles \u00e0 nettoyer, les contenants pour gants Tonon sont compatibles avec la majorit\u00e9 des gants \u00e0 usage unique.\" \/>\n<meta name=\"robots\" content=\"index, follow, max-snippet:-1, max-image-preview:large, max-video-preview:-1\" \/>\n<link rel=\"canonical\" href=\"https:\/\/www.tonon.com\/fr\/equipements-medicales\/lutte-contre-covid-19\/boite-a-gants\/\" \/>\n<meta property=\"og:locale\" content=\"fr_FR\" \/>\n<meta property=\"og:type\" content=\"article\" \/>\n<meta property=\"og:title\" content=\"Contenants gants \u00e0 usage unique | Tonon\" \/>\n<meta property=\"og:description\" content=\"Faciles \u00e0 nettoyer, les contenants pour gants Tonon sont compatibles avec la majorit\u00e9 des gants \u00e0 usage unique.\" \/>\n<meta property=\"og:url\" content=\"https:\/\/www.tonon.com\/fr\/equipements-medicales\/lutte-contre-covid-19\/boite-a-gants\/\" \/>\n<meta property=\"og:site_name\" content=\"Tonon\" \/>\n<meta property=\"article:modified_time\" content=\"2022-03-09T11:24:41+00:00\" \/>\n<meta name=\"twitter:card\" content=\"summary_large_image\" \/>\n<meta name=\"twitter:title\" content=\"Contenants gants \u00e0 usage unique | Tonon\" \/>\n<meta name=\"twitter:description\" content=\"Faciles \u00e0 nettoyer, les contenants pour gants Tonon sont compatibles avec la majorit\u00e9 des gants \u00e0 usage unique.\" \/>\n<!-- \/ Yoast SEO Premium plugin. -->","yoast_head_json":{"title":"Contenants gants \u00e0 usage unique | Tonon","description":"Faciles \u00e0 nettoyer, les contenants pour gants Tonon sont compatibles avec la majorit\u00e9 des gants \u00e0 usage unique.","robots":{"index":"index","follow":"follow","max-snippet":"max-snippet:-1","max-image-preview":"max-image-preview:large","max-video-preview":"max-video-preview:-1"},"canonical":"https:\/\/www.tonon.com\/fr\/equipements-medicales\/lutte-contre-covid-19\/boite-a-gants\/","og_locale":"fr_FR","og_type":"article","og_title":"Contenants gants \u00e0 usage unique | Tonon","og_description":"Faciles \u00e0 nettoyer, les contenants pour gants Tonon sont compatibles avec la majorit\u00e9 des gants \u00e0 usage unique.","og_url":"https:\/\/www.tonon.com\/fr\/equipements-medicales\/lutte-contre-covid-19\/boite-a-gants\/","og_site_name":"Tonon","article_modified_time":"2022-03-09T11:24:41+00:00","twitter_card":"summary_large_image","twitter_title":"Contenants gants \u00e0 usage unique | Tonon","twitter_description":"Faciles \u00e0 nettoyer, les contenants pour gants Tonon sont compatibles avec la majorit\u00e9 des gants \u00e0 usage unique.","schema":{"@context":"https:\/\/schema.org","@graph":[{"@type":"WebPage","@id":"https:\/\/www.tonon.com\/fr\/equipements-medicales\/lutte-contre-covid-19\/boite-a-gants\/","url":"https:\/\/www.tonon.com\/fr\/equipements-medicales\/lutte-contre-covid-19\/boite-a-gants\/","name":"Contenants gants \u00e0 usage unique | Tonon","isPartOf":{"@id":"https:\/\/www.tonon.com\/#website"},"datePublished":"2020-03-31T07:45:53+00:00","dateModified":"2022-03-09T11:24:41+00:00","description":"Faciles \u00e0 nettoyer, les contenants pour gants Tonon sont compatibles avec la majorit\u00e9 des gants \u00e0 usage unique.","breadcrumb":{"@id":"https:\/\/www.tonon.com\/fr\/equipements-medicales\/lutte-contre-covid-19\/boite-a-gants\/#breadcrumb"},"inLanguage":"fr-FR","potentialAction":[{"@type":"ReadAction","target":["https:\/\/www.tonon.com\/fr\/equipements-medicales\/lutte-contre-covid-19\/boite-a-gants\/"]}]},{"@type":"BreadcrumbList","@id":"https:\/\/www.tonon.com\/fr\/equipements-medicales\/lutte-contre-covid-19\/boite-a-gants\/#breadcrumb","itemListElement":[{"@type":"ListItem","position":1,"name":"Home","item":"https:\/\/www.tonon.com\/fr\/"},{"@type":"ListItem","position":2,"name":"Equipements Medicales","item":"https:\/\/www.tonon.com\/fr\/equipements-medicales\/"},{"@type":"ListItem","position":3,"name":"Lutte contre Covid-19","item":"https:\/\/www.tonon.com\/fr\/equipements-medicales\/lutte-contre-covid-19\/"},{"@type":"ListItem","position":4,"name":"Bo\u00eete \u00e0 gants"}]},{"@type":"WebSite","@id":"https:\/\/www.tonon.com\/#website","url":"https:\/\/www.tonon.com\/","name":"Tonon","description":"Attrezzatture alimentari e medicali","publisher":{"@id":"https:\/\/www.tonon.com\/#organization"},"potentialAction":[{"@type":"SearchAction","target":{"@type":"EntryPoint","urlTemplate":"https:\/\/www.tonon.com\/?s={search_term_string}"},"query-input":{"@type":"PropertyValueSpecification","valueRequired":true,"valueName":"search_term_string"}}],"inLanguage":"fr-FR"},{"@type":"Organization","@id":"https:\/\/www.tonon.com\/#organization","name":"Tonon Srl","url":"https:\/\/www.tonon.com\/","logo":{"@type":"ImageObject","inLanguage":"fr-FR","@id":"https:\/\/www.tonon.com\/#\/schema\/logo\/image\/","url":"https:\/\/www.tonon.com\/wp-content\/uploads\/2020\/01\/tonon-map-italy.png","contentUrl":"https:\/\/www.tonon.com\/wp-content\/uploads\/2020\/01\/tonon-map-italy.png","width":250,"height":53,"caption":"Tonon Srl"},"image":{"@id":"https:\/\/www.tonon.com\/#\/schema\/logo\/image\/"}}]}},"_links":{"self":[{"href":"https:\/\/www.tonon.com\/fr\/wp-json\/wp\/v2\/pages\/3312","targetHints":{"allow":["GET"]}}],"collection":[{"href":"https:\/\/www.tonon.com\/fr\/wp-json\/wp\/v2\/pages"}],"about":[{"href":"https:\/\/www.tonon.com\/fr\/wp-json\/wp\/v2\/types\/page"}],"author":[{"embeddable":true,"href":"https:\/\/www.tonon.com\/fr\/wp-json\/wp\/v2\/users\/1"}],"replies":[{"embeddable":true,"href":"https:\/\/www.tonon.com\/fr\/wp-json\/wp\/v2\/comments?post=3312"}],"version-history":[{"count":1,"href":"https:\/\/www.tonon.com\/fr\/wp-json\/wp\/v2\/pages\/3312\/revisions"}],"predecessor-version":[{"id":5321,"href":"https:\/\/www.tonon.com\/fr\/wp-json\/wp\/v2\/pages\/3312\/revisions\/5321"}],"up":[{"embeddable":true,"href":"https:\/\/www.tonon.com\/fr\/wp-json\/wp\/v2\/pages\/4627"}],"wp:attachment":[{"href":"https:\/\/www.tonon.com\/fr\/wp-json\/wp\/v2\/media?parent=3312"}],"curies":[{"name":"wp","href":"https:\/\/api.w.org\/{rel}","templated":true}]}}