{"id":3246,"date":"2020-12-10T12:14:32","date_gmt":"2020-12-10T11:14:32","guid":{"rendered":"https:\/\/www.tonon.com\/equipements-medicales\/carrelli-emergenza-e-terapia\/"},"modified":"2022-03-09T12:23:06","modified_gmt":"2022-03-09T11:23:06","slug":"chariots-de-soins-et-multifonction","status":"publish","type":"page","link":"https:\/\/www.tonon.com\/fr\/equipements-medicales\/chariots-hospitaliers\/chariots-de-soins-et-multifonction\/","title":{"rendered":"Chariots de soins et multifonction"},"content":{"rendered":"","protected":false},"excerpt":{"rendered":"<p>Les chariots Ecoline sont la solution id\u00e9ale pour tous les besoins de gestion des m\u00e9dicaments et des fournitures hospitali\u00e8re.<\/p>\n","protected":false},"author":1,"featured_media":2340,"parent":4624,"menu_order":0,"comment_status":"closed","ping_status":"closed","template":"","meta":{"_monsterinsights_skip_tracking":false,"_monsterinsights_sitenote_active":false,"_monsterinsights_sitenote_note":"","_monsterinsights_sitenote_category":0,"footnotes":""},"class_list":["post-3246","page","type-page","status-publish","has-post-thumbnail","hentry"],"yoast_head":"<!-- This site is optimized with the Yoast SEO Premium plugin v21.2 (Yoast SEO v27.0) - https:\/\/yoast.com\/product\/yoast-seo-premium-wordpress\/ -->\n<title>Chariots hospitaliers pour urgences et traitements | Tonon<\/title>\n<meta name=\"description\" content=\"Chariots hospitaliers adapt\u00e9s aux exigences de tous les services, tiroirs compatibles avec le syst\u00e8me logistique Tonon.\" \/>\n<meta name=\"robots\" content=\"index, follow, max-snippet:-1, max-image-preview:large, max-video-preview:-1\" \/>\n<link rel=\"canonical\" href=\"https:\/\/www.tonon.com\/fr\/equipements-medicales\/chariots-hospitaliers\/chariots-de-soins-et-multifonction\/\" \/>\n<meta property=\"og:locale\" content=\"fr_FR\" \/>\n<meta property=\"og:type\" content=\"article\" \/>\n<meta property=\"og:title\" content=\"Chariots hospitaliers pour urgences et traitements | Tonon\" \/>\n<meta property=\"og:description\" content=\"Chariots hospitaliers adapt\u00e9s aux exigences de tous les services, tiroirs compatibles avec le syst\u00e8me logistique Tonon.\" \/>\n<meta property=\"og:url\" content=\"https:\/\/www.tonon.com\/fr\/equipements-medicales\/chariots-hospitaliers\/chariots-de-soins-et-multifonction\/\" \/>\n<meta property=\"og:site_name\" content=\"Tonon\" \/>\n<meta property=\"article:modified_time\" content=\"2022-03-09T11:23:06+00:00\" \/>\n<meta property=\"og:image\" content=\"https:\/\/www.tonon.com\/wp-content\/uploads\/2020\/12\/carrelli-emergenza-e-terapia-01.jpg\" \/>\n\t<meta property=\"og:image:width\" content=\"1200\" \/>\n\t<meta property=\"og:image:height\" content=\"1200\" \/>\n\t<meta property=\"og:image:type\" content=\"image\/jpeg\" \/>\n<meta name=\"twitter:card\" content=\"summary_large_image\" \/>\n<meta name=\"twitter:title\" content=\"Chariots hospitaliers pour urgences et traitements | Tonon\" \/>\n<meta name=\"twitter:description\" content=\"Chariots hospitaliers adapt\u00e9s aux exigences de tous les services, tiroirs compatibles avec le syst\u00e8me logistique Tonon.\" \/>\n<!-- \/ Yoast SEO Premium plugin. -->","yoast_head_json":{"title":"Chariots hospitaliers pour urgences et traitements | Tonon","description":"Chariots hospitaliers adapt\u00e9s aux exigences de tous les services, tiroirs compatibles avec le syst\u00e8me logistique Tonon.","robots":{"index":"index","follow":"follow","max-snippet":"max-snippet:-1","max-image-preview":"max-image-preview:large","max-video-preview":"max-video-preview:-1"},"canonical":"https:\/\/www.tonon.com\/fr\/equipements-medicales\/chariots-hospitaliers\/chariots-de-soins-et-multifonction\/","og_locale":"fr_FR","og_type":"article","og_title":"Chariots hospitaliers pour urgences et traitements | Tonon","og_description":"Chariots hospitaliers adapt\u00e9s aux exigences de tous les services, tiroirs compatibles avec le syst\u00e8me logistique Tonon.","og_url":"https:\/\/www.tonon.com\/fr\/equipements-medicales\/chariots-hospitaliers\/chariots-de-soins-et-multifonction\/","og_site_name":"Tonon","article_modified_time":"2022-03-09T11:23:06+00:00","og_image":[{"width":1200,"height":1200,"url":"https:\/\/www.tonon.com\/wp-content\/uploads\/2020\/12\/carrelli-emergenza-e-terapia-01.jpg","type":"image\/jpeg"}],"twitter_card":"summary_large_image","twitter_title":"Chariots hospitaliers pour urgences et traitements | Tonon","twitter_description":"Chariots hospitaliers adapt\u00e9s aux exigences de tous les services, tiroirs compatibles avec le syst\u00e8me logistique Tonon.","schema":{"@context":"https:\/\/schema.org","@graph":[{"@type":"WebPage","@id":"https:\/\/www.tonon.com\/fr\/equipements-medicales\/chariots-hospitaliers\/chariots-de-soins-et-multifonction\/","url":"https:\/\/www.tonon.com\/fr\/equipements-medicales\/chariots-hospitaliers\/chariots-de-soins-et-multifonction\/","name":"Chariots hospitaliers pour urgences et traitements | Tonon","isPartOf":{"@id":"https:\/\/www.tonon.com\/#website"},"primaryImageOfPage":{"@id":"https:\/\/www.tonon.com\/fr\/equipements-medicales\/chariots-hospitaliers\/chariots-de-soins-et-multifonction\/#primaryimage"},"image":{"@id":"https:\/\/www.tonon.com\/fr\/equipements-medicales\/chariots-hospitaliers\/chariots-de-soins-et-multifonction\/#primaryimage"},"thumbnailUrl":"https:\/\/www.tonon.com\/wp-content\/uploads\/2020\/12\/carrelli-emergenza-e-terapia-01.jpg","datePublished":"2020-12-10T11:14:32+00:00","dateModified":"2022-03-09T11:23:06+00:00","description":"Chariots hospitaliers adapt\u00e9s aux exigences de tous les services, tiroirs compatibles avec le syst\u00e8me logistique Tonon.","breadcrumb":{"@id":"https:\/\/www.tonon.com\/fr\/equipements-medicales\/chariots-hospitaliers\/chariots-de-soins-et-multifonction\/#breadcrumb"},"inLanguage":"fr-FR","potentialAction":[{"@type":"ReadAction","target":["https:\/\/www.tonon.com\/fr\/equipements-medicales\/chariots-hospitaliers\/chariots-de-soins-et-multifonction\/"]}]},{"@type":"ImageObject","inLanguage":"fr-FR","@id":"https:\/\/www.tonon.com\/fr\/equipements-medicales\/chariots-hospitaliers\/chariots-de-soins-et-multifonction\/#primaryimage","url":"https:\/\/www.tonon.com\/wp-content\/uploads\/2020\/12\/carrelli-emergenza-e-terapia-01.jpg","contentUrl":"https:\/\/www.tonon.com\/wp-content\/uploads\/2020\/12\/carrelli-emergenza-e-terapia-01.jpg","width":1200,"height":1200,"caption":"Carrelli emergenza e terapia"},{"@type":"BreadcrumbList","@id":"https:\/\/www.tonon.com\/fr\/equipements-medicales\/chariots-hospitaliers\/chariots-de-soins-et-multifonction\/#breadcrumb","itemListElement":[{"@type":"ListItem","position":1,"name":"Home","item":"https:\/\/www.tonon.com\/fr\/"},{"@type":"ListItem","position":2,"name":"Equipements Medicales","item":"https:\/\/www.tonon.com\/fr\/equipements-medicales\/"},{"@type":"ListItem","position":3,"name":"Chariots hospitaliers","item":"https:\/\/www.tonon.com\/fr\/equipements-medicales\/chariots-hospitaliers\/"},{"@type":"ListItem","position":4,"name":"Chariots de soins et multifonction"}]},{"@type":"WebSite","@id":"https:\/\/www.tonon.com\/#website","url":"https:\/\/www.tonon.com\/","name":"Tonon","description":"Attrezzatture alimentari e medicali","publisher":{"@id":"https:\/\/www.tonon.com\/#organization"},"potentialAction":[{"@type":"SearchAction","target":{"@type":"EntryPoint","urlTemplate":"https:\/\/www.tonon.com\/?s={search_term_string}"},"query-input":{"@type":"PropertyValueSpecification","valueRequired":true,"valueName":"search_term_string"}}],"inLanguage":"fr-FR"},{"@type":"Organization","@id":"https:\/\/www.tonon.com\/#organization","name":"Tonon Srl","url":"https:\/\/www.tonon.com\/","logo":{"@type":"ImageObject","inLanguage":"fr-FR","@id":"https:\/\/www.tonon.com\/#\/schema\/logo\/image\/","url":"https:\/\/www.tonon.com\/wp-content\/uploads\/2020\/01\/tonon-map-italy.png","contentUrl":"https:\/\/www.tonon.com\/wp-content\/uploads\/2020\/01\/tonon-map-italy.png","width":250,"height":53,"caption":"Tonon Srl"},"image":{"@id":"https:\/\/www.tonon.com\/#\/schema\/logo\/image\/"}}]}},"_links":{"self":[{"href":"https:\/\/www.tonon.com\/fr\/wp-json\/wp\/v2\/pages\/3246","targetHints":{"allow":["GET"]}}],"collection":[{"href":"https:\/\/www.tonon.com\/fr\/wp-json\/wp\/v2\/pages"}],"about":[{"href":"https:\/\/www.tonon.com\/fr\/wp-json\/wp\/v2\/types\/page"}],"author":[{"embeddable":true,"href":"https:\/\/www.tonon.com\/fr\/wp-json\/wp\/v2\/users\/1"}],"replies":[{"embeddable":true,"href":"https:\/\/www.tonon.com\/fr\/wp-json\/wp\/v2\/comments?post=3246"}],"version-history":[{"count":1,"href":"https:\/\/www.tonon.com\/fr\/wp-json\/wp\/v2\/pages\/3246\/revisions"}],"predecessor-version":[{"id":5317,"href":"https:\/\/www.tonon.com\/fr\/wp-json\/wp\/v2\/pages\/3246\/revisions\/5317"}],"up":[{"embeddable":true,"href":"https:\/\/www.tonon.com\/fr\/wp-json\/wp\/v2\/pages\/4624"}],"wp:featuredmedia":[{"embeddable":true,"href":"https:\/\/www.tonon.com\/fr\/wp-json\/wp\/v2\/media\/2340"}],"wp:attachment":[{"href":"https:\/\/www.tonon.com\/fr\/wp-json\/wp\/v2\/media?parent=3246"}],"curies":[{"name":"wp","href":"https:\/\/api.w.org\/{rel}","templated":true}]}}