{"id":3191,"date":"2020-04-30T08:49:28","date_gmt":"2020-04-30T06:49:28","guid":{"rendered":"https:\/\/www.tonon.com\/equipements-medicales\/scaffalatura-per-camere-bianche\/"},"modified":"2022-03-09T12:21:46","modified_gmt":"2022-03-09T11:21:46","slug":"rayonnage-modulaire-pour-salles-blanches","status":"publish","type":"page","link":"https:\/\/www.tonon.com\/fr\/equipements-medicales\/systemes-de-rayonnages-modulaires\/rayonnage-modulaire-pour-salles-blanches\/","title":{"rendered":"Rayonnage modulaire pour salles blanches"},"content":{"rendered":"","protected":false},"excerpt":{"rendered":"<p>S\u2019adapte \u00e0 tous les dimensions de salles blanches gr\u00e2ce aux multiples configurations standard.<\/p>\n","protected":false},"author":2,"featured_media":3212,"parent":4620,"menu_order":0,"comment_status":"closed","ping_status":"closed","template":"","meta":{"footnotes":""},"class_list":["post-3191","page","type-page","status-publish","has-post-thumbnail","hentry"],"yoast_head":"<!-- This site is optimized with the Yoast SEO plugin v27.5 - https:\/\/yoast.com\/product\/yoast-seo-wordpress\/ -->\n<title>Rayonnages pour salles blanches | Tonon<\/title>\n<meta name=\"description\" content=\"Rayonnages adapt\u00e9s \u00e0 tous les types de salles blanches gr\u00e2ce \u00e0 de nombreuses configurations standards.\" \/>\n<meta name=\"robots\" content=\"index, follow, max-snippet:-1, max-image-preview:large, max-video-preview:-1\" \/>\n<link rel=\"canonical\" href=\"https:\/\/www.tonon.com\/fr\/equipements-medicales\/systemes-de-rayonnages-modulaires\/rayonnage-modulaire-pour-salles-blanches\/\" \/>\n<meta property=\"og:locale\" content=\"fr_FR\" \/>\n<meta property=\"og:type\" content=\"article\" \/>\n<meta property=\"og:title\" content=\"Rayonnages pour salles blanches | Tonon\" \/>\n<meta property=\"og:description\" content=\"Rayonnages adapt\u00e9s \u00e0 tous les types de salles blanches gr\u00e2ce \u00e0 de nombreuses configurations standards.\" \/>\n<meta property=\"og:url\" content=\"https:\/\/www.tonon.com\/fr\/equipements-medicales\/systemes-de-rayonnages-modulaires\/rayonnage-modulaire-pour-salles-blanches\/\" \/>\n<meta property=\"og:site_name\" content=\"Tonon\" \/>\n<meta property=\"article:modified_time\" content=\"2022-03-09T11:21:46+00:00\" \/>\n<meta property=\"og:image\" content=\"https:\/\/www.tonon.com\/wp-content\/uploads\/2021\/01\/rayonnage-modulaire-pour-salles-blanches-00.jpg\" \/>\n\t<meta property=\"og:image:width\" content=\"1024\" \/>\n\t<meta property=\"og:image:height\" content=\"1024\" \/>\n\t<meta property=\"og:image:type\" content=\"image\/jpeg\" \/>\n<meta name=\"twitter:card\" content=\"summary_large_image\" \/>\n<meta name=\"twitter:title\" content=\"Rayonnages pour salles blanches | Tonon\" \/>\n<meta name=\"twitter:description\" content=\"Rayonnages adapt\u00e9s \u00e0 tous les types de salles blanches gr\u00e2ce \u00e0 de nombreuses configurations standards.\" \/>\n<!-- \/ Yoast SEO plugin. -->","yoast_head_json":{"title":"Rayonnages pour salles blanches | Tonon","description":"Rayonnages adapt\u00e9s \u00e0 tous les types de salles blanches gr\u00e2ce \u00e0 de nombreuses configurations standards.","robots":{"index":"index","follow":"follow","max-snippet":"max-snippet:-1","max-image-preview":"max-image-preview:large","max-video-preview":"max-video-preview:-1"},"canonical":"https:\/\/www.tonon.com\/fr\/equipements-medicales\/systemes-de-rayonnages-modulaires\/rayonnage-modulaire-pour-salles-blanches\/","og_locale":"fr_FR","og_type":"article","og_title":"Rayonnages pour salles blanches | Tonon","og_description":"Rayonnages adapt\u00e9s \u00e0 tous les types de salles blanches gr\u00e2ce \u00e0 de nombreuses configurations standards.","og_url":"https:\/\/www.tonon.com\/fr\/equipements-medicales\/systemes-de-rayonnages-modulaires\/rayonnage-modulaire-pour-salles-blanches\/","og_site_name":"Tonon","article_modified_time":"2022-03-09T11:21:46+00:00","og_image":[{"width":1024,"height":1024,"url":"https:\/\/www.tonon.com\/wp-content\/uploads\/2021\/01\/rayonnage-modulaire-pour-salles-blanches-00.jpg","type":"image\/jpeg"}],"twitter_card":"summary_large_image","twitter_title":"Rayonnages pour salles blanches | Tonon","twitter_description":"Rayonnages adapt\u00e9s \u00e0 tous les types de salles blanches gr\u00e2ce \u00e0 de nombreuses configurations standards.","schema":{"@context":"https:\/\/schema.org","@graph":[{"@type":"WebPage","@id":"https:\/\/www.tonon.com\/fr\/equipements-medicales\/systemes-de-rayonnages-modulaires\/rayonnage-modulaire-pour-salles-blanches\/","url":"https:\/\/www.tonon.com\/fr\/equipements-medicales\/systemes-de-rayonnages-modulaires\/rayonnage-modulaire-pour-salles-blanches\/","name":"Rayonnages pour salles blanches | Tonon","isPartOf":{"@id":"https:\/\/www.tonon.com\/#website"},"primaryImageOfPage":{"@id":"https:\/\/www.tonon.com\/fr\/equipements-medicales\/systemes-de-rayonnages-modulaires\/rayonnage-modulaire-pour-salles-blanches\/#primaryimage"},"image":{"@id":"https:\/\/www.tonon.com\/fr\/equipements-medicales\/systemes-de-rayonnages-modulaires\/rayonnage-modulaire-pour-salles-blanches\/#primaryimage"},"thumbnailUrl":"https:\/\/www.tonon.com\/wp-content\/uploads\/2021\/01\/rayonnage-modulaire-pour-salles-blanches-00.jpg","datePublished":"2020-04-30T06:49:28+00:00","dateModified":"2022-03-09T11:21:46+00:00","description":"Rayonnages adapt\u00e9s \u00e0 tous les types de salles blanches gr\u00e2ce \u00e0 de nombreuses configurations standards.","breadcrumb":{"@id":"https:\/\/www.tonon.com\/fr\/equipements-medicales\/systemes-de-rayonnages-modulaires\/rayonnage-modulaire-pour-salles-blanches\/#breadcrumb"},"inLanguage":"fr-FR","potentialAction":[{"@type":"ReadAction","target":["https:\/\/www.tonon.com\/fr\/equipements-medicales\/systemes-de-rayonnages-modulaires\/rayonnage-modulaire-pour-salles-blanches\/"]}]},{"@type":"ImageObject","inLanguage":"fr-FR","@id":"https:\/\/www.tonon.com\/fr\/equipements-medicales\/systemes-de-rayonnages-modulaires\/rayonnage-modulaire-pour-salles-blanches\/#primaryimage","url":"https:\/\/www.tonon.com\/wp-content\/uploads\/2021\/01\/rayonnage-modulaire-pour-salles-blanches-00.jpg","contentUrl":"https:\/\/www.tonon.com\/wp-content\/uploads\/2021\/01\/rayonnage-modulaire-pour-salles-blanches-00.jpg","width":1024,"height":1024,"caption":"rayonnage-modulaire pour salles blanches"},{"@type":"BreadcrumbList","@id":"https:\/\/www.tonon.com\/fr\/equipements-medicales\/systemes-de-rayonnages-modulaires\/rayonnage-modulaire-pour-salles-blanches\/#breadcrumb","itemListElement":[{"@type":"ListItem","position":1,"name":"Home","item":"https:\/\/www.tonon.com\/fr\/"},{"@type":"ListItem","position":2,"name":"Equipements Medicales","item":"https:\/\/www.tonon.com\/fr\/equipements-medicales\/"},{"@type":"ListItem","position":3,"name":"Systemes de rayonnages modulaires","item":"https:\/\/www.tonon.com\/fr\/equipements-medicales\/systemes-de-rayonnages-modulaires\/"},{"@type":"ListItem","position":4,"name":"Rayonnage modulaire pour salles blanches"}]},{"@type":"WebSite","@id":"https:\/\/www.tonon.com\/#website","url":"https:\/\/www.tonon.com\/","name":"Tonon","description":"Attrezzatture alimentari e medicali","publisher":{"@id":"https:\/\/www.tonon.com\/#organization"},"potentialAction":[{"@type":"SearchAction","target":{"@type":"EntryPoint","urlTemplate":"https:\/\/www.tonon.com\/?s={search_term_string}"},"query-input":{"@type":"PropertyValueSpecification","valueRequired":true,"valueName":"search_term_string"}}],"inLanguage":"fr-FR"},{"@type":"Organization","@id":"https:\/\/www.tonon.com\/#organization","name":"Tonon Srl","url":"https:\/\/www.tonon.com\/","logo":{"@type":"ImageObject","inLanguage":"fr-FR","@id":"https:\/\/www.tonon.com\/#\/schema\/logo\/image\/","url":"https:\/\/www.tonon.com\/wp-content\/uploads\/2020\/01\/tonon-map-italy.png","contentUrl":"https:\/\/www.tonon.com\/wp-content\/uploads\/2020\/01\/tonon-map-italy.png","width":250,"height":53,"caption":"Tonon Srl"},"image":{"@id":"https:\/\/www.tonon.com\/#\/schema\/logo\/image\/"}}]}},"_links":{"self":[{"href":"https:\/\/www.tonon.com\/fr\/wp-json\/wp\/v2\/pages\/3191","targetHints":{"allow":["GET"]}}],"collection":[{"href":"https:\/\/www.tonon.com\/fr\/wp-json\/wp\/v2\/pages"}],"about":[{"href":"https:\/\/www.tonon.com\/fr\/wp-json\/wp\/v2\/types\/page"}],"author":[{"embeddable":true,"href":"https:\/\/www.tonon.com\/fr\/wp-json\/wp\/v2\/users\/2"}],"replies":[{"embeddable":true,"href":"https:\/\/www.tonon.com\/fr\/wp-json\/wp\/v2\/comments?post=3191"}],"version-history":[{"count":1,"href":"https:\/\/www.tonon.com\/fr\/wp-json\/wp\/v2\/pages\/3191\/revisions"}],"predecessor-version":[{"id":5315,"href":"https:\/\/www.tonon.com\/fr\/wp-json\/wp\/v2\/pages\/3191\/revisions\/5315"}],"up":[{"embeddable":true,"href":"https:\/\/www.tonon.com\/fr\/wp-json\/wp\/v2\/pages\/4620"}],"wp:featuredmedia":[{"embeddable":true,"href":"https:\/\/www.tonon.com\/fr\/wp-json\/wp\/v2\/media\/3212"}],"wp:attachment":[{"href":"https:\/\/www.tonon.com\/fr\/wp-json\/wp\/v2\/media?parent=3191"}],"curies":[{"name":"wp","href":"https:\/\/api.w.org\/{rel}","templated":true}]}}