{"id":3151,"date":"2020-12-22T15:25:26","date_gmt":"2020-12-22T14:25:26","guid":{"rendered":"https:\/\/www.tonon.com\/equipements-medicales\/scaffalatura-per-centrali-di-sterilizzazione\/"},"modified":"2022-03-09T12:20:58","modified_gmt":"2022-03-09T11:20:58","slug":"rayonnages-pour-ucs","status":"publish","type":"page","link":"https:\/\/www.tonon.com\/fr\/equipements-medicales\/logistique-pour-ucs\/rayonnages-pour-ucs\/","title":{"rendered":"Rayonnages pour UCS"},"content":{"rendered":"","protected":false},"excerpt":{"rendered":"<p>Structure scell\u00e9e en aluminium, sans trous ouverts, toutes les surfaces sont facilement accessibles pour le nettoyage.<\/p>\n","protected":false},"author":2,"featured_media":2426,"parent":4614,"menu_order":0,"comment_status":"closed","ping_status":"closed","template":"","meta":{"footnotes":""},"class_list":["post-3151","page","type-page","status-publish","has-post-thumbnail","hentry"],"yoast_head":"<!-- This site is optimized with the Yoast SEO plugin v27.5 - https:\/\/yoast.com\/product\/yoast-seo-wordpress\/ -->\n<title>Rayonnages pour centrales de st\u00e9rilisation | Tonon<\/title>\n<meta name=\"description\" content=\"Les rayonnages pour centrales de st\u00e9rilisation Tonon pr\u00e9sentent une structure en aluminium sans trous passants et des surfaces accessibles.\" \/>\n<meta name=\"robots\" content=\"index, follow, max-snippet:-1, max-image-preview:large, max-video-preview:-1\" \/>\n<link rel=\"canonical\" href=\"https:\/\/www.tonon.com\/fr\/equipements-medicales\/logistique-pour-ucs\/rayonnages-pour-ucs\/\" \/>\n<meta property=\"og:locale\" content=\"fr_FR\" \/>\n<meta property=\"og:type\" content=\"article\" \/>\n<meta property=\"og:title\" content=\"Rayonnages pour centrales de st\u00e9rilisation | Tonon\" \/>\n<meta property=\"og:description\" content=\"Les rayonnages pour centrales de st\u00e9rilisation Tonon pr\u00e9sentent une structure en aluminium sans trous passants et des surfaces accessibles.\" \/>\n<meta property=\"og:url\" content=\"https:\/\/www.tonon.com\/fr\/equipements-medicales\/logistique-pour-ucs\/rayonnages-pour-ucs\/\" \/>\n<meta property=\"og:site_name\" content=\"Tonon\" \/>\n<meta property=\"article:modified_time\" content=\"2022-03-09T11:20:58+00:00\" \/>\n<meta property=\"og:image\" content=\"https:\/\/www.tonon.com\/wp-content\/uploads\/2020\/12\/scaffalatura-per-centrali-di-sterilizzazione.jpg\" \/>\n\t<meta property=\"og:image:width\" content=\"1200\" \/>\n\t<meta property=\"og:image:height\" content=\"1200\" \/>\n\t<meta property=\"og:image:type\" content=\"image\/jpeg\" \/>\n<meta name=\"twitter:card\" content=\"summary_large_image\" \/>\n<meta name=\"twitter:title\" content=\"Rayonnages pour centrales de st\u00e9rilisation | Tonon\" \/>\n<meta name=\"twitter:description\" content=\"Les rayonnages pour centrales de st\u00e9rilisation Tonon pr\u00e9sentent une structure en aluminium sans trous passants et des surfaces accessibles.\" \/>\n<!-- \/ Yoast SEO plugin. -->","yoast_head_json":{"title":"Rayonnages pour centrales de st\u00e9rilisation | Tonon","description":"Les rayonnages pour centrales de st\u00e9rilisation Tonon pr\u00e9sentent une structure en aluminium sans trous passants et des surfaces accessibles.","robots":{"index":"index","follow":"follow","max-snippet":"max-snippet:-1","max-image-preview":"max-image-preview:large","max-video-preview":"max-video-preview:-1"},"canonical":"https:\/\/www.tonon.com\/fr\/equipements-medicales\/logistique-pour-ucs\/rayonnages-pour-ucs\/","og_locale":"fr_FR","og_type":"article","og_title":"Rayonnages pour centrales de st\u00e9rilisation | Tonon","og_description":"Les rayonnages pour centrales de st\u00e9rilisation Tonon pr\u00e9sentent une structure en aluminium sans trous passants et des surfaces accessibles.","og_url":"https:\/\/www.tonon.com\/fr\/equipements-medicales\/logistique-pour-ucs\/rayonnages-pour-ucs\/","og_site_name":"Tonon","article_modified_time":"2022-03-09T11:20:58+00:00","og_image":[{"width":1200,"height":1200,"url":"https:\/\/www.tonon.com\/wp-content\/uploads\/2020\/12\/scaffalatura-per-centrali-di-sterilizzazione.jpg","type":"image\/jpeg"}],"twitter_card":"summary_large_image","twitter_title":"Rayonnages pour centrales de st\u00e9rilisation | Tonon","twitter_description":"Les rayonnages pour centrales de st\u00e9rilisation Tonon pr\u00e9sentent une structure en aluminium sans trous passants et des surfaces accessibles.","schema":{"@context":"https:\/\/schema.org","@graph":[{"@type":"WebPage","@id":"https:\/\/www.tonon.com\/fr\/equipements-medicales\/logistique-pour-ucs\/rayonnages-pour-ucs\/","url":"https:\/\/www.tonon.com\/fr\/equipements-medicales\/logistique-pour-ucs\/rayonnages-pour-ucs\/","name":"Rayonnages pour centrales de st\u00e9rilisation | Tonon","isPartOf":{"@id":"https:\/\/www.tonon.com\/#website"},"primaryImageOfPage":{"@id":"https:\/\/www.tonon.com\/fr\/equipements-medicales\/logistique-pour-ucs\/rayonnages-pour-ucs\/#primaryimage"},"image":{"@id":"https:\/\/www.tonon.com\/fr\/equipements-medicales\/logistique-pour-ucs\/rayonnages-pour-ucs\/#primaryimage"},"thumbnailUrl":"https:\/\/www.tonon.com\/wp-content\/uploads\/2020\/12\/scaffalatura-per-centrali-di-sterilizzazione.jpg","datePublished":"2020-12-22T14:25:26+00:00","dateModified":"2022-03-09T11:20:58+00:00","description":"Les rayonnages pour centrales de st\u00e9rilisation Tonon pr\u00e9sentent une structure en aluminium sans trous passants et des surfaces accessibles.","breadcrumb":{"@id":"https:\/\/www.tonon.com\/fr\/equipements-medicales\/logistique-pour-ucs\/rayonnages-pour-ucs\/#breadcrumb"},"inLanguage":"fr-FR","potentialAction":[{"@type":"ReadAction","target":["https:\/\/www.tonon.com\/fr\/equipements-medicales\/logistique-pour-ucs\/rayonnages-pour-ucs\/"]}]},{"@type":"ImageObject","inLanguage":"fr-FR","@id":"https:\/\/www.tonon.com\/fr\/equipements-medicales\/logistique-pour-ucs\/rayonnages-pour-ucs\/#primaryimage","url":"https:\/\/www.tonon.com\/wp-content\/uploads\/2020\/12\/scaffalatura-per-centrali-di-sterilizzazione.jpg","contentUrl":"https:\/\/www.tonon.com\/wp-content\/uploads\/2020\/12\/scaffalatura-per-centrali-di-sterilizzazione.jpg","width":1200,"height":1200,"caption":"scaffalatura per centrali di sterilizzazione"},{"@type":"BreadcrumbList","@id":"https:\/\/www.tonon.com\/fr\/equipements-medicales\/logistique-pour-ucs\/rayonnages-pour-ucs\/#breadcrumb","itemListElement":[{"@type":"ListItem","position":1,"name":"Home","item":"https:\/\/www.tonon.com\/fr\/"},{"@type":"ListItem","position":2,"name":"Equipements Medicales","item":"https:\/\/www.tonon.com\/fr\/equipements-medicales\/"},{"@type":"ListItem","position":3,"name":"Logistique pour UCS","item":"https:\/\/www.tonon.com\/fr\/equipements-medicales\/logistique-pour-ucs\/"},{"@type":"ListItem","position":4,"name":"Rayonnages pour UCS"}]},{"@type":"WebSite","@id":"https:\/\/www.tonon.com\/#website","url":"https:\/\/www.tonon.com\/","name":"Tonon","description":"Attrezzatture alimentari e medicali","publisher":{"@id":"https:\/\/www.tonon.com\/#organization"},"potentialAction":[{"@type":"SearchAction","target":{"@type":"EntryPoint","urlTemplate":"https:\/\/www.tonon.com\/?s={search_term_string}"},"query-input":{"@type":"PropertyValueSpecification","valueRequired":true,"valueName":"search_term_string"}}],"inLanguage":"fr-FR"},{"@type":"Organization","@id":"https:\/\/www.tonon.com\/#organization","name":"Tonon Srl","url":"https:\/\/www.tonon.com\/","logo":{"@type":"ImageObject","inLanguage":"fr-FR","@id":"https:\/\/www.tonon.com\/#\/schema\/logo\/image\/","url":"https:\/\/www.tonon.com\/wp-content\/uploads\/2020\/01\/tonon-map-italy.png","contentUrl":"https:\/\/www.tonon.com\/wp-content\/uploads\/2020\/01\/tonon-map-italy.png","width":250,"height":53,"caption":"Tonon Srl"},"image":{"@id":"https:\/\/www.tonon.com\/#\/schema\/logo\/image\/"}}]}},"_links":{"self":[{"href":"https:\/\/www.tonon.com\/fr\/wp-json\/wp\/v2\/pages\/3151","targetHints":{"allow":["GET"]}}],"collection":[{"href":"https:\/\/www.tonon.com\/fr\/wp-json\/wp\/v2\/pages"}],"about":[{"href":"https:\/\/www.tonon.com\/fr\/wp-json\/wp\/v2\/types\/page"}],"author":[{"embeddable":true,"href":"https:\/\/www.tonon.com\/fr\/wp-json\/wp\/v2\/users\/2"}],"replies":[{"embeddable":true,"href":"https:\/\/www.tonon.com\/fr\/wp-json\/wp\/v2\/comments?post=3151"}],"version-history":[{"count":1,"href":"https:\/\/www.tonon.com\/fr\/wp-json\/wp\/v2\/pages\/3151\/revisions"}],"predecessor-version":[{"id":5313,"href":"https:\/\/www.tonon.com\/fr\/wp-json\/wp\/v2\/pages\/3151\/revisions\/5313"}],"up":[{"embeddable":true,"href":"https:\/\/www.tonon.com\/fr\/wp-json\/wp\/v2\/pages\/4614"}],"wp:featuredmedia":[{"embeddable":true,"href":"https:\/\/www.tonon.com\/fr\/wp-json\/wp\/v2\/media\/2426"}],"wp:attachment":[{"href":"https:\/\/www.tonon.com\/fr\/wp-json\/wp\/v2\/media?parent=3151"}],"curies":[{"name":"wp","href":"https:\/\/api.w.org\/{rel}","templated":true}]}}