{"id":2548,"date":"2020-12-09T11:24:07","date_gmt":"2020-12-09T10:24:07","guid":{"rendered":"https:\/\/www.tonon.com\/attrezzature-medicali\/"},"modified":"2022-12-01T10:01:28","modified_gmt":"2022-12-01T09:01:28","slug":"equipements-medicales","status":"publish","type":"page","link":"https:\/\/www.tonon.com\/fr\/equipements-medicales\/","title":{"rendered":"Equipements Medicales"},"content":{"rendered":"","protected":false},"excerpt":{"rendered":"","protected":false},"author":1,"featured_media":0,"parent":0,"menu_order":0,"comment_status":"closed","ping_status":"closed","template":"","meta":{"_monsterinsights_skip_tracking":false,"_monsterinsights_sitenote_active":false,"_monsterinsights_sitenote_note":"","_monsterinsights_sitenote_category":0,"footnotes":""},"class_list":["post-2548","page","type-page","status-publish","hentry"],"yoast_head":"<!-- This site is optimized with the Yoast SEO Premium plugin v21.2 (Yoast SEO v27.0) - https:\/\/yoast.com\/product\/yoast-seo-premium-wordpress\/ -->\n<title>Rayonnages, chariots et logistique hospitali\u00e8re | Tonon<\/title>\n<meta name=\"description\" content=\"D\u00e9couvrez les produits Tonon pour la logistique hospitali\u00e8re\u00a0: rayonnages modulaires, chariots hospitaliers, centrales de st\u00e9rilisation, et produits sp\u00e9ciaux.\" \/>\n<meta name=\"robots\" content=\"index, follow, max-snippet:-1, max-image-preview:large, max-video-preview:-1\" \/>\n<link rel=\"canonical\" href=\"https:\/\/www.tonon.com\/fr\/equipements-medicales\/\" \/>\n<meta property=\"og:locale\" content=\"fr_FR\" \/>\n<meta property=\"og:type\" content=\"article\" \/>\n<meta property=\"og:title\" content=\"Rayonnages, Chariots et Logistique hospitali\u00e8re | Tonon\" \/>\n<meta property=\"og:description\" content=\"D\u00e9couvrez les produits Tonon pour la logistique hospitali\u00e8re\u00a0: rayonnages pour produits m\u00e9dicaux et centrales de st\u00e9rilisation, et produits de lutte contre la Covid-19.\" \/>\n<meta property=\"og:url\" content=\"https:\/\/www.tonon.com\/fr\/equipements-medicales\/\" \/>\n<meta property=\"og:site_name\" content=\"Tonon\" \/>\n<meta property=\"article:modified_time\" content=\"2022-12-01T09:01:28+00:00\" \/>\n<meta name=\"twitter:card\" content=\"summary_large_image\" \/>\n<meta name=\"twitter:title\" content=\"Rayonnages, Chariots et Logistique hospitali\u00e8re | Tonon\" \/>\n<meta name=\"twitter:description\" content=\"D\u00e9couvrez les produits Tonon pour la logistique hospitali\u00e8re\u00a0: rayonnages pour produits m\u00e9dicaux et centrales de st\u00e9rilisation, et produits de lutte contre la Covid-19.\" \/>\n<!-- \/ Yoast SEO Premium plugin. -->","yoast_head_json":{"title":"Rayonnages, chariots et logistique hospitali\u00e8re | Tonon","description":"D\u00e9couvrez les produits Tonon pour la logistique hospitali\u00e8re\u00a0: rayonnages modulaires, chariots hospitaliers, centrales de st\u00e9rilisation, et produits sp\u00e9ciaux.","robots":{"index":"index","follow":"follow","max-snippet":"max-snippet:-1","max-image-preview":"max-image-preview:large","max-video-preview":"max-video-preview:-1"},"canonical":"https:\/\/www.tonon.com\/fr\/equipements-medicales\/","og_locale":"fr_FR","og_type":"article","og_title":"Rayonnages, Chariots et Logistique hospitali\u00e8re | Tonon","og_description":"D\u00e9couvrez les produits Tonon pour la logistique hospitali\u00e8re\u00a0: rayonnages pour produits m\u00e9dicaux et centrales de st\u00e9rilisation, et produits de lutte contre la Covid-19.","og_url":"https:\/\/www.tonon.com\/fr\/equipements-medicales\/","og_site_name":"Tonon","article_modified_time":"2022-12-01T09:01:28+00:00","twitter_card":"summary_large_image","twitter_title":"Rayonnages, Chariots et Logistique hospitali\u00e8re | Tonon","twitter_description":"D\u00e9couvrez les produits Tonon pour la logistique hospitali\u00e8re\u00a0: rayonnages pour produits m\u00e9dicaux et centrales de st\u00e9rilisation, et produits de lutte contre la Covid-19.","schema":{"@context":"https:\/\/schema.org","@graph":[{"@type":"WebPage","@id":"https:\/\/www.tonon.com\/fr\/equipements-medicales\/","url":"https:\/\/www.tonon.com\/fr\/equipements-medicales\/","name":"Rayonnages, chariots et logistique hospitali\u00e8re | Tonon","isPartOf":{"@id":"https:\/\/www.tonon.com\/#website"},"datePublished":"2020-12-09T10:24:07+00:00","dateModified":"2022-12-01T09:01:28+00:00","description":"D\u00e9couvrez les produits Tonon pour la logistique hospitali\u00e8re\u00a0: rayonnages modulaires, chariots hospitaliers, centrales de st\u00e9rilisation, et produits sp\u00e9ciaux.","breadcrumb":{"@id":"https:\/\/www.tonon.com\/fr\/equipements-medicales\/#breadcrumb"},"inLanguage":"fr-FR","potentialAction":[{"@type":"ReadAction","target":["https:\/\/www.tonon.com\/fr\/equipements-medicales\/"]}]},{"@type":"BreadcrumbList","@id":"https:\/\/www.tonon.com\/fr\/equipements-medicales\/#breadcrumb","itemListElement":[{"@type":"ListItem","position":1,"name":"Home","item":"https:\/\/www.tonon.com\/fr\/"},{"@type":"ListItem","position":2,"name":"Equipements Medicales"}]},{"@type":"WebSite","@id":"https:\/\/www.tonon.com\/#website","url":"https:\/\/www.tonon.com\/","name":"Tonon","description":"Attrezzatture alimentari e medicali","publisher":{"@id":"https:\/\/www.tonon.com\/#organization"},"potentialAction":[{"@type":"SearchAction","target":{"@type":"EntryPoint","urlTemplate":"https:\/\/www.tonon.com\/?s={search_term_string}"},"query-input":{"@type":"PropertyValueSpecification","valueRequired":true,"valueName":"search_term_string"}}],"inLanguage":"fr-FR"},{"@type":"Organization","@id":"https:\/\/www.tonon.com\/#organization","name":"Tonon Srl","url":"https:\/\/www.tonon.com\/","logo":{"@type":"ImageObject","inLanguage":"fr-FR","@id":"https:\/\/www.tonon.com\/#\/schema\/logo\/image\/","url":"https:\/\/www.tonon.com\/wp-content\/uploads\/2020\/01\/tonon-map-italy.png","contentUrl":"https:\/\/www.tonon.com\/wp-content\/uploads\/2020\/01\/tonon-map-italy.png","width":250,"height":53,"caption":"Tonon Srl"},"image":{"@id":"https:\/\/www.tonon.com\/#\/schema\/logo\/image\/"}}]}},"_links":{"self":[{"href":"https:\/\/www.tonon.com\/fr\/wp-json\/wp\/v2\/pages\/2548","targetHints":{"allow":["GET"]}}],"collection":[{"href":"https:\/\/www.tonon.com\/fr\/wp-json\/wp\/v2\/pages"}],"about":[{"href":"https:\/\/www.tonon.com\/fr\/wp-json\/wp\/v2\/types\/page"}],"author":[{"embeddable":true,"href":"https:\/\/www.tonon.com\/fr\/wp-json\/wp\/v2\/users\/1"}],"replies":[{"embeddable":true,"href":"https:\/\/www.tonon.com\/fr\/wp-json\/wp\/v2\/comments?post=2548"}],"version-history":[{"count":1,"href":"https:\/\/www.tonon.com\/fr\/wp-json\/wp\/v2\/pages\/2548\/revisions"}],"predecessor-version":[{"id":5293,"href":"https:\/\/www.tonon.com\/fr\/wp-json\/wp\/v2\/pages\/2548\/revisions\/5293"}],"wp:attachment":[{"href":"https:\/\/www.tonon.com\/fr\/wp-json\/wp\/v2\/media?parent=2548"}],"curies":[{"name":"wp","href":"https:\/\/api.w.org\/{rel}","templated":true}]}}