{"id":1881,"date":"2020-01-23T14:36:05","date_gmt":"2020-01-23T13:36:05","guid":{"rendered":"https:\/\/www.tonon.com\/privacy-policy\/"},"modified":"2022-01-12T11:12:12","modified_gmt":"2022-01-12T10:12:12","slug":"donnees-personnelles","status":"publish","type":"page","link":"https:\/\/www.tonon.com\/fr\/donnees-personnelles\/","title":{"rendered":"Donn\u00e9es personnelles"},"content":{"rendered":"<span><span><a href=\"https:\/\/www.tonon.com\/fr\/\">Home<\/a><\/span><\/span>\n\n\n\n<div style=\"height:100px\" aria-hidden=\"true\" class=\"wp-block-spacer\"><\/div>\n\n\n\n<h1 class=\"wp-block-heading\" id=\"h-politique-de-confidentialite-et-donnees-personnelles\">Politique de confidentialit\u00e9 et donn\u00e9es personnelles<\/h1>\n\n\n\n<p>Soucieuse du respect de la vie priv\u00e9e des internautes, la Soci\u00e9t\u00e9 TONON SRL s\u2019engage \u00e0 ce que la collecte et le traitement d\u2019informations \u00e0 caract\u00e8re personnel soient effectu\u00e9s conform\u00e9ment au R\u00e8glement UE n\u00b02016\/679 du Parlement Europ\u00e9en et du Conseil du 27 avril 2016 relatif \u00e0 la Protection des Personnes Physique \u00e0 l\u2019\u00e9gard du traitement des donn\u00e9es \u00e0 caract\u00e8re personnel et \u00e0 la libre circulation de ces donn\u00e9es ci-apr\u00e8s \u00ab RGPD \u00bb et \u00e0 l\u2019ensemble des dispositions de la r\u00e9glementation fran\u00e7aise applicable en la mati\u00e8re.<\/p>\n\n\n\n<p>Nous n\u2019utilisons vos donn\u00e9es personnelles que dans les cas pr\u00e9vus par la r\u00e9glementation en vigueur:<\/p>\n\n\n\n<ul class=\"wp-block-list\"><li>L\u2019ex\u00e9cution d\u2019un contrat que nous avons conclu avec vous, et\/ou<\/li><li>Le respect d\u2019une obligation l\u00e9gale, et\/ou<\/li><li>Votre consentement \u00e0 l\u2019utilisation de vos donn\u00e9es,<\/li><li>L\u2019existence d\u2019un int\u00e9r\u00eat l\u00e9gitime \u00e0 utiliser vos donn\u00e9es. L\u2019int\u00e9r\u00eat l\u00e9gitime est un ensemble de raisons \u00e9ditoriales et\/ou commerciales qui justifient l\u2019utilisation de vos donn\u00e9es par la Soci\u00e9t\u00e9.<\/li><\/ul>\n\n\n\n<h3 class=\"wp-block-heading\" id=\"h-responsable-du-traitement-dpo\">Responsable du traitement \u2013 (DPO)<\/h3>\n\n\n\n<p><strong>Tonon S.r.l.<\/strong><br>Via Liguria 33 \u2013 10071 Borgaro Torinese (TO) &#8211; ITALIE<br>Telefono: +39 011 4701173 \u2013 Fax: +39 011 4703107<br>E-mail:&nbsp;<a href=\"mailto:tonon@tonon.com\">tonon@tonon.com<\/a><\/p>\n\n\n\n<p class=\"has-text-align-right\"><em>Tonon S.r.l.<br> Titolare del trattamento<\/em><\/p>\n\n\n\n<div style=\"height:100px\" aria-hidden=\"true\" class=\"wp-block-spacer\"><\/div>\n","protected":false},"excerpt":{"rendered":"<p>Politique de confidentialit\u00e9 et donn\u00e9es personnelles Soucieuse du respect de la vie priv\u00e9e des internautes, la Soci\u00e9t\u00e9 TONON SRL s\u2019engage \u00e0 ce que la collecte et<span class=\"excerpt-hellip\"> [\u2026]<\/span><\/p>\n","protected":false},"author":1,"featured_media":0,"parent":0,"menu_order":0,"comment_status":"closed","ping_status":"open","template":"","meta":{"_monsterinsights_skip_tracking":false,"_monsterinsights_sitenote_active":false,"_monsterinsights_sitenote_note":"","_monsterinsights_sitenote_category":0,"footnotes":""},"class_list":["post-1881","page","type-page","status-publish","hentry"],"yoast_head":"<!-- This site is optimized with the Yoast SEO Premium plugin v21.2 (Yoast SEO v27.0) - https:\/\/yoast.com\/product\/yoast-seo-premium-wordpress\/ -->\n<title>Politique de confidentialit\u00e9 | Tonon<\/title>\n<meta name=\"description\" content=\"Cette page contient notre lettre d&#039;information sur le traitement des donn\u00e9es personnelles.\" \/>\n<meta name=\"robots\" content=\"index, follow, max-snippet:-1, max-image-preview:large, max-video-preview:-1\" \/>\n<link rel=\"canonical\" href=\"https:\/\/www.tonon.com\/fr\/donnees-personnelles\/\" \/>\n<meta property=\"og:locale\" content=\"fr_FR\" \/>\n<meta property=\"og:type\" content=\"article\" \/>\n<meta property=\"og:title\" content=\"Donn\u00e9es personnelles\" \/>\n<meta property=\"og:description\" content=\"Cette page contient notre lettre d&#039;information sur le traitement des donn\u00e9es personnelles.\" \/>\n<meta property=\"og:url\" content=\"https:\/\/www.tonon.com\/fr\/donnees-personnelles\/\" \/>\n<meta property=\"og:site_name\" content=\"Tonon\" \/>\n<meta property=\"article:modified_time\" content=\"2022-01-12T10:12:12+00:00\" \/>\n<meta name=\"twitter:card\" content=\"summary_large_image\" \/>\n<meta name=\"twitter:label1\" content=\"Dur\u00e9e de lecture estim\u00e9e\" \/>\n\t<meta name=\"twitter:data1\" content=\"1 minute\" \/>\n<!-- \/ Yoast SEO Premium plugin. -->","yoast_head_json":{"title":"Politique de confidentialit\u00e9 | Tonon","description":"Cette page contient notre lettre d'information sur le traitement des donn\u00e9es personnelles.","robots":{"index":"index","follow":"follow","max-snippet":"max-snippet:-1","max-image-preview":"max-image-preview:large","max-video-preview":"max-video-preview:-1"},"canonical":"https:\/\/www.tonon.com\/fr\/donnees-personnelles\/","og_locale":"fr_FR","og_type":"article","og_title":"Donn\u00e9es personnelles","og_description":"Cette page contient notre lettre d'information sur le traitement des donn\u00e9es personnelles.","og_url":"https:\/\/www.tonon.com\/fr\/donnees-personnelles\/","og_site_name":"Tonon","article_modified_time":"2022-01-12T10:12:12+00:00","twitter_card":"summary_large_image","twitter_misc":{"Dur\u00e9e de lecture estim\u00e9e":"1 minute"},"schema":{"@context":"https:\/\/schema.org","@graph":[{"@type":"WebPage","@id":"https:\/\/www.tonon.com\/fr\/donnees-personnelles\/","url":"https:\/\/www.tonon.com\/fr\/donnees-personnelles\/","name":"Politique de confidentialit\u00e9 | Tonon","isPartOf":{"@id":"https:\/\/www.tonon.com\/#website"},"datePublished":"2020-01-23T13:36:05+00:00","dateModified":"2022-01-12T10:12:12+00:00","description":"Cette page contient notre lettre d'information sur le traitement des donn\u00e9es personnelles.","breadcrumb":{"@id":"https:\/\/www.tonon.com\/fr\/donnees-personnelles\/#breadcrumb"},"inLanguage":"fr-FR","potentialAction":[{"@type":"ReadAction","target":["https:\/\/www.tonon.com\/fr\/donnees-personnelles\/"]}]},{"@type":"BreadcrumbList","@id":"https:\/\/www.tonon.com\/fr\/donnees-personnelles\/#breadcrumb","itemListElement":[{"@type":"ListItem","position":1,"name":"Home","item":"https:\/\/www.tonon.com\/fr\/"},{"@type":"ListItem","position":2,"name":"Donn\u00e9es personnelles"}]},{"@type":"WebSite","@id":"https:\/\/www.tonon.com\/#website","url":"https:\/\/www.tonon.com\/","name":"Tonon","description":"Attrezzatture alimentari e medicali","publisher":{"@id":"https:\/\/www.tonon.com\/#organization"},"potentialAction":[{"@type":"SearchAction","target":{"@type":"EntryPoint","urlTemplate":"https:\/\/www.tonon.com\/?s={search_term_string}"},"query-input":{"@type":"PropertyValueSpecification","valueRequired":true,"valueName":"search_term_string"}}],"inLanguage":"fr-FR"},{"@type":"Organization","@id":"https:\/\/www.tonon.com\/#organization","name":"Tonon Srl","url":"https:\/\/www.tonon.com\/","logo":{"@type":"ImageObject","inLanguage":"fr-FR","@id":"https:\/\/www.tonon.com\/#\/schema\/logo\/image\/","url":"https:\/\/www.tonon.com\/wp-content\/uploads\/2020\/01\/tonon-map-italy.png","contentUrl":"https:\/\/www.tonon.com\/wp-content\/uploads\/2020\/01\/tonon-map-italy.png","width":250,"height":53,"caption":"Tonon Srl"},"image":{"@id":"https:\/\/www.tonon.com\/#\/schema\/logo\/image\/"}}]}},"_links":{"self":[{"href":"https:\/\/www.tonon.com\/fr\/wp-json\/wp\/v2\/pages\/1881","targetHints":{"allow":["GET"]}}],"collection":[{"href":"https:\/\/www.tonon.com\/fr\/wp-json\/wp\/v2\/pages"}],"about":[{"href":"https:\/\/www.tonon.com\/fr\/wp-json\/wp\/v2\/types\/page"}],"author":[{"embeddable":true,"href":"https:\/\/www.tonon.com\/fr\/wp-json\/wp\/v2\/users\/1"}],"replies":[{"embeddable":true,"href":"https:\/\/www.tonon.com\/fr\/wp-json\/wp\/v2\/comments?post=1881"}],"version-history":[{"count":0,"href":"https:\/\/www.tonon.com\/fr\/wp-json\/wp\/v2\/pages\/1881\/revisions"}],"wp:attachment":[{"href":"https:\/\/www.tonon.com\/fr\/wp-json\/wp\/v2\/media?parent=1881"}],"curies":[{"name":"wp","href":"https:\/\/api.w.org\/{rel}","templated":true}]}}