{"id":1459,"date":"2020-02-06T08:46:49","date_gmt":"2020-02-06T07:46:49","guid":{"rendered":"https:\/\/www.tonon.com\/industrie-alimentaire\/carrelli-portavassoi\/"},"modified":"2022-01-12T11:23:48","modified_gmt":"2022-01-12T10:23:48","slug":"chariots-debarassage","status":"publish","type":"page","link":"https:\/\/www.tonon.com\/fr\/equipements-alimentaires\/chariots-alimentaire-debarrassage\/chariots-debarassage\/","title":{"rendered":"Chariot D\u00e9barrassage"},"content":{"rendered":"","protected":false},"excerpt":{"rendered":"<p>D\u00e9couvrez les chariots de desserte, parfaits pour les r\u00e9fectoires. R\u00e9alis\u00e9s sur mesure, ils permettent de mettre en ordre et de transporter tous types de plateaux.<\/p>\n","protected":false},"author":1,"featured_media":3995,"parent":4613,"menu_order":0,"comment_status":"closed","ping_status":"closed","template":"","meta":{"_monsterinsights_skip_tracking":false,"_monsterinsights_sitenote_active":false,"_monsterinsights_sitenote_note":"","_monsterinsights_sitenote_category":0,"footnotes":""},"class_list":["post-1459","page","type-page","status-publish","has-post-thumbnail","hentry"],"yoast_head":"<!-- This site is optimized with the Yoast SEO Premium plugin v21.2 (Yoast SEO v27.0) - https:\/\/yoast.com\/product\/yoast-seo-premium-wordpress\/ -->\n<title>Chariots de desserte sur mesure | Tonon<\/title>\n<meta name=\"description\" content=\"D\u00e9couvrez les chariots de desserte, parfaits pour les r\u00e9fectoires. R\u00e9alis\u00e9s sur mesure, ils permettent de mettre en ordre et de transporter tous types de plateaux.\" \/>\n<meta name=\"robots\" content=\"index, follow, max-snippet:-1, max-image-preview:large, max-video-preview:-1\" \/>\n<link rel=\"canonical\" href=\"https:\/\/www.tonon.com\/fr\/equipements-alimentaires\/chariots-alimentaire-debarrassage\/chariots-debarassage\/\" \/>\n<meta property=\"og:locale\" content=\"fr_FR\" \/>\n<meta property=\"og:type\" content=\"article\" \/>\n<meta property=\"og:title\" content=\"Chariots de desserte sur mesure | Tonon\" \/>\n<meta property=\"og:description\" content=\"D\u00e9couvrez les chariots de desserte, parfaits pour les r\u00e9fectoires. R\u00e9alis\u00e9s sur mesure, ils permettent de mettre en ordre et de transporter tous types de plateaux.\" \/>\n<meta property=\"og:url\" content=\"https:\/\/www.tonon.com\/fr\/equipements-alimentaires\/chariots-alimentaire-debarrassage\/chariots-debarassage\/\" \/>\n<meta property=\"og:site_name\" content=\"Tonon\" \/>\n<meta property=\"article:modified_time\" content=\"2022-01-12T10:23:48+00:00\" \/>\n<meta property=\"og:image\" content=\"https:\/\/www.tonon.com\/wp-content\/uploads\/2021\/02\/chariot-debarrassage-01.jpg\" \/>\n\t<meta property=\"og:image:width\" content=\"800\" \/>\n\t<meta property=\"og:image:height\" content=\"800\" \/>\n\t<meta property=\"og:image:type\" content=\"image\/jpeg\" \/>\n<meta name=\"twitter:card\" content=\"summary_large_image\" \/>\n<meta name=\"twitter:title\" content=\"Chariots de desserte sur mesure | Tonon\" \/>\n<meta name=\"twitter:description\" content=\"D\u00e9couvrez les chariots de desserte, parfaits pour les r\u00e9fectoires. R\u00e9alis\u00e9s sur mesure, ils permettent de mettre en ordre et de transporter tous types de plateaux.\" \/>\n<!-- \/ Yoast SEO Premium plugin. -->","yoast_head_json":{"title":"Chariots de desserte sur mesure | Tonon","description":"D\u00e9couvrez les chariots de desserte, parfaits pour les r\u00e9fectoires. R\u00e9alis\u00e9s sur mesure, ils permettent de mettre en ordre et de transporter tous types de plateaux.","robots":{"index":"index","follow":"follow","max-snippet":"max-snippet:-1","max-image-preview":"max-image-preview:large","max-video-preview":"max-video-preview:-1"},"canonical":"https:\/\/www.tonon.com\/fr\/equipements-alimentaires\/chariots-alimentaire-debarrassage\/chariots-debarassage\/","og_locale":"fr_FR","og_type":"article","og_title":"Chariots de desserte sur mesure | Tonon","og_description":"D\u00e9couvrez les chariots de desserte, parfaits pour les r\u00e9fectoires. R\u00e9alis\u00e9s sur mesure, ils permettent de mettre en ordre et de transporter tous types de plateaux.","og_url":"https:\/\/www.tonon.com\/fr\/equipements-alimentaires\/chariots-alimentaire-debarrassage\/chariots-debarassage\/","og_site_name":"Tonon","article_modified_time":"2022-01-12T10:23:48+00:00","og_image":[{"width":800,"height":800,"url":"https:\/\/www.tonon.com\/wp-content\/uploads\/2021\/02\/chariot-debarrassage-01.jpg","type":"image\/jpeg"}],"twitter_card":"summary_large_image","twitter_title":"Chariots de desserte sur mesure | Tonon","twitter_description":"D\u00e9couvrez les chariots de desserte, parfaits pour les r\u00e9fectoires. R\u00e9alis\u00e9s sur mesure, ils permettent de mettre en ordre et de transporter tous types de plateaux.","schema":{"@context":"https:\/\/schema.org","@graph":[{"@type":"WebPage","@id":"https:\/\/www.tonon.com\/fr\/equipements-alimentaires\/chariots-alimentaire-debarrassage\/chariots-debarassage\/","url":"https:\/\/www.tonon.com\/fr\/equipements-alimentaires\/chariots-alimentaire-debarrassage\/chariots-debarassage\/","name":"Chariots de desserte sur mesure | Tonon","isPartOf":{"@id":"https:\/\/www.tonon.com\/#website"},"primaryImageOfPage":{"@id":"https:\/\/www.tonon.com\/fr\/equipements-alimentaires\/chariots-alimentaire-debarrassage\/chariots-debarassage\/#primaryimage"},"image":{"@id":"https:\/\/www.tonon.com\/fr\/equipements-alimentaires\/chariots-alimentaire-debarrassage\/chariots-debarassage\/#primaryimage"},"thumbnailUrl":"https:\/\/www.tonon.com\/wp-content\/uploads\/2021\/02\/chariot-debarrassage-01.jpg","datePublished":"2020-02-06T07:46:49+00:00","dateModified":"2022-01-12T10:23:48+00:00","description":"D\u00e9couvrez les chariots de desserte, parfaits pour les r\u00e9fectoires. R\u00e9alis\u00e9s sur mesure, ils permettent de mettre en ordre et de transporter tous types de plateaux.","breadcrumb":{"@id":"https:\/\/www.tonon.com\/fr\/equipements-alimentaires\/chariots-alimentaire-debarrassage\/chariots-debarassage\/#breadcrumb"},"inLanguage":"fr-FR","potentialAction":[{"@type":"ReadAction","target":["https:\/\/www.tonon.com\/fr\/equipements-alimentaires\/chariots-alimentaire-debarrassage\/chariots-debarassage\/"]}]},{"@type":"ImageObject","inLanguage":"fr-FR","@id":"https:\/\/www.tonon.com\/fr\/equipements-alimentaires\/chariots-alimentaire-debarrassage\/chariots-debarassage\/#primaryimage","url":"https:\/\/www.tonon.com\/wp-content\/uploads\/2021\/02\/chariot-debarrassage-01.jpg","contentUrl":"https:\/\/www.tonon.com\/wp-content\/uploads\/2021\/02\/chariot-debarrassage-01.jpg","width":800,"height":800,"caption":"chariot d\u00e9barrassage"},{"@type":"BreadcrumbList","@id":"https:\/\/www.tonon.com\/fr\/equipements-alimentaires\/chariots-alimentaire-debarrassage\/chariots-debarassage\/#breadcrumb","itemListElement":[{"@type":"ListItem","position":1,"name":"Home","item":"https:\/\/www.tonon.com\/fr\/"},{"@type":"ListItem","position":2,"name":"Equipements alimentaires","item":"https:\/\/www.tonon.com\/fr\/equipements-alimentaires\/"},{"@type":"ListItem","position":3,"name":"chariots alimentaire debarrassage","item":"https:\/\/www.tonon.com\/fr\/equipements-alimentaires\/chariots-alimentaire-debarrassage\/"},{"@type":"ListItem","position":4,"name":"Chariot D\u00e9barrassage"}]},{"@type":"WebSite","@id":"https:\/\/www.tonon.com\/#website","url":"https:\/\/www.tonon.com\/","name":"Tonon","description":"Attrezzatture alimentari e medicali","publisher":{"@id":"https:\/\/www.tonon.com\/#organization"},"potentialAction":[{"@type":"SearchAction","target":{"@type":"EntryPoint","urlTemplate":"https:\/\/www.tonon.com\/?s={search_term_string}"},"query-input":{"@type":"PropertyValueSpecification","valueRequired":true,"valueName":"search_term_string"}}],"inLanguage":"fr-FR"},{"@type":"Organization","@id":"https:\/\/www.tonon.com\/#organization","name":"Tonon Srl","url":"https:\/\/www.tonon.com\/","logo":{"@type":"ImageObject","inLanguage":"fr-FR","@id":"https:\/\/www.tonon.com\/#\/schema\/logo\/image\/","url":"https:\/\/www.tonon.com\/wp-content\/uploads\/2020\/01\/tonon-map-italy.png","contentUrl":"https:\/\/www.tonon.com\/wp-content\/uploads\/2020\/01\/tonon-map-italy.png","width":250,"height":53,"caption":"Tonon Srl"},"image":{"@id":"https:\/\/www.tonon.com\/#\/schema\/logo\/image\/"}}]}},"_links":{"self":[{"href":"https:\/\/www.tonon.com\/fr\/wp-json\/wp\/v2\/pages\/1459","targetHints":{"allow":["GET"]}}],"collection":[{"href":"https:\/\/www.tonon.com\/fr\/wp-json\/wp\/v2\/pages"}],"about":[{"href":"https:\/\/www.tonon.com\/fr\/wp-json\/wp\/v2\/types\/page"}],"author":[{"embeddable":true,"href":"https:\/\/www.tonon.com\/fr\/wp-json\/wp\/v2\/users\/1"}],"replies":[{"embeddable":true,"href":"https:\/\/www.tonon.com\/fr\/wp-json\/wp\/v2\/comments?post=1459"}],"version-history":[{"count":0,"href":"https:\/\/www.tonon.com\/fr\/wp-json\/wp\/v2\/pages\/1459\/revisions"}],"up":[{"embeddable":true,"href":"https:\/\/www.tonon.com\/fr\/wp-json\/wp\/v2\/pages\/4613"}],"wp:featuredmedia":[{"embeddable":true,"href":"https:\/\/www.tonon.com\/fr\/wp-json\/wp\/v2\/media\/3995"}],"wp:attachment":[{"href":"https:\/\/www.tonon.com\/fr\/wp-json\/wp\/v2\/media?parent=1459"}],"curies":[{"name":"wp","href":"https:\/\/api.w.org\/{rel}","templated":true}]}}