{"id":1393,"date":"2020-03-18T10:31:16","date_gmt":"2020-03-18T09:31:16","guid":{"rendered":"https:\/\/www.tonon.com\/contatti\/"},"modified":"2022-01-12T16:30:36","modified_gmt":"2022-01-12T15:30:36","slug":"nous-contacter","status":"publish","type":"page","link":"https:\/\/www.tonon.com\/fr\/nous-contacter\/","title":{"rendered":"NOUS CONTACTER"},"content":{"rendered":"","protected":false},"excerpt":{"rendered":"","protected":false},"author":1,"featured_media":0,"parent":0,"menu_order":0,"comment_status":"closed","ping_status":"closed","template":"","meta":{"_monsterinsights_skip_tracking":false,"_monsterinsights_sitenote_active":false,"_monsterinsights_sitenote_note":"","_monsterinsights_sitenote_category":0,"footnotes":""},"class_list":["post-1393","page","type-page","status-publish","hentry"],"yoast_head":"<!-- This site is optimized with the Yoast SEO Premium plugin v21.2 (Yoast SEO v27.0) - https:\/\/yoast.com\/product\/yoast-seo-premium-wordpress\/ -->\n<title>Contacts et demande d&#039;informations | Tonon<\/title>\n<meta name=\"description\" content=\"Pour toute demande d&#039;informations, compl\u00e9ter le formulaire, un rendez-vous consacr\u00e9 \u00e0 la pr\u00e9sentation du produit vous sera propos\u00e9.\" \/>\n<meta name=\"robots\" content=\"index, follow, max-snippet:-1, max-image-preview:large, max-video-preview:-1\" \/>\n<link rel=\"canonical\" href=\"https:\/\/www.tonon.com\/fr\/nous-contacter\/\" \/>\n<meta property=\"og:locale\" content=\"fr_FR\" \/>\n<meta property=\"og:type\" content=\"article\" \/>\n<meta property=\"og:title\" content=\"Contacts et demande d&#039;informations | Tonon\" \/>\n<meta property=\"og:description\" content=\"Pour toute demande d&#039;informations, compl\u00e9ter le formulaire, un rendez-vous consacr\u00e9 \u00e0 la pr\u00e9sentation du produit vous sera propos\u00e9.\" \/>\n<meta property=\"og:url\" content=\"https:\/\/www.tonon.com\/fr\/nous-contacter\/\" \/>\n<meta property=\"og:site_name\" content=\"Tonon\" \/>\n<meta property=\"article:modified_time\" content=\"2022-01-12T15:30:36+00:00\" \/>\n<meta name=\"twitter:card\" content=\"summary_large_image\" \/>\n<meta name=\"twitter:title\" content=\"Contacts et demande d&#039;informations | Tonon\" \/>\n<meta name=\"twitter:description\" content=\"Pour toute demande d&#039;informations, compl\u00e9ter le formulaire, un rendez-vous consacr\u00e9 \u00e0 la pr\u00e9sentation du produit vous sera propos\u00e9.\" \/>\n<!-- \/ Yoast SEO Premium plugin. -->","yoast_head_json":{"title":"Contacts et demande d'informations | Tonon","description":"Pour toute demande d'informations, compl\u00e9ter le formulaire, un rendez-vous consacr\u00e9 \u00e0 la pr\u00e9sentation du produit vous sera propos\u00e9.","robots":{"index":"index","follow":"follow","max-snippet":"max-snippet:-1","max-image-preview":"max-image-preview:large","max-video-preview":"max-video-preview:-1"},"canonical":"https:\/\/www.tonon.com\/fr\/nous-contacter\/","og_locale":"fr_FR","og_type":"article","og_title":"Contacts et demande d'informations | Tonon","og_description":"Pour toute demande d'informations, compl\u00e9ter le formulaire, un rendez-vous consacr\u00e9 \u00e0 la pr\u00e9sentation du produit vous sera propos\u00e9.","og_url":"https:\/\/www.tonon.com\/fr\/nous-contacter\/","og_site_name":"Tonon","article_modified_time":"2022-01-12T15:30:36+00:00","twitter_card":"summary_large_image","twitter_title":"Contacts et demande d'informations | Tonon","twitter_description":"Pour toute demande d'informations, compl\u00e9ter le formulaire, un rendez-vous consacr\u00e9 \u00e0 la pr\u00e9sentation du produit vous sera propos\u00e9.","schema":{"@context":"https:\/\/schema.org","@graph":[{"@type":"WebPage","@id":"https:\/\/www.tonon.com\/fr\/nous-contacter\/","url":"https:\/\/www.tonon.com\/fr\/nous-contacter\/","name":"Contacts et demande d'informations | Tonon","isPartOf":{"@id":"https:\/\/www.tonon.com\/#website"},"datePublished":"2020-03-18T09:31:16+00:00","dateModified":"2022-01-12T15:30:36+00:00","description":"Pour toute demande d'informations, compl\u00e9ter le formulaire, un rendez-vous consacr\u00e9 \u00e0 la pr\u00e9sentation du produit vous sera propos\u00e9.","breadcrumb":{"@id":"https:\/\/www.tonon.com\/fr\/nous-contacter\/#breadcrumb"},"inLanguage":"fr-FR","potentialAction":[{"@type":"ReadAction","target":["https:\/\/www.tonon.com\/fr\/nous-contacter\/"]}]},{"@type":"BreadcrumbList","@id":"https:\/\/www.tonon.com\/fr\/nous-contacter\/#breadcrumb","itemListElement":[{"@type":"ListItem","position":1,"name":"Home","item":"https:\/\/www.tonon.com\/fr\/"},{"@type":"ListItem","position":2,"name":"NOUS CONTACTER"}]},{"@type":"WebSite","@id":"https:\/\/www.tonon.com\/#website","url":"https:\/\/www.tonon.com\/","name":"Tonon","description":"Attrezzatture alimentari e medicali","publisher":{"@id":"https:\/\/www.tonon.com\/#organization"},"potentialAction":[{"@type":"SearchAction","target":{"@type":"EntryPoint","urlTemplate":"https:\/\/www.tonon.com\/?s={search_term_string}"},"query-input":{"@type":"PropertyValueSpecification","valueRequired":true,"valueName":"search_term_string"}}],"inLanguage":"fr-FR"},{"@type":"Organization","@id":"https:\/\/www.tonon.com\/#organization","name":"Tonon Srl","url":"https:\/\/www.tonon.com\/","logo":{"@type":"ImageObject","inLanguage":"fr-FR","@id":"https:\/\/www.tonon.com\/#\/schema\/logo\/image\/","url":"https:\/\/www.tonon.com\/wp-content\/uploads\/2020\/01\/tonon-map-italy.png","contentUrl":"https:\/\/www.tonon.com\/wp-content\/uploads\/2020\/01\/tonon-map-italy.png","width":250,"height":53,"caption":"Tonon Srl"},"image":{"@id":"https:\/\/www.tonon.com\/#\/schema\/logo\/image\/"}}]}},"_links":{"self":[{"href":"https:\/\/www.tonon.com\/fr\/wp-json\/wp\/v2\/pages\/1393","targetHints":{"allow":["GET"]}}],"collection":[{"href":"https:\/\/www.tonon.com\/fr\/wp-json\/wp\/v2\/pages"}],"about":[{"href":"https:\/\/www.tonon.com\/fr\/wp-json\/wp\/v2\/types\/page"}],"author":[{"embeddable":true,"href":"https:\/\/www.tonon.com\/fr\/wp-json\/wp\/v2\/users\/1"}],"replies":[{"embeddable":true,"href":"https:\/\/www.tonon.com\/fr\/wp-json\/wp\/v2\/comments?post=1393"}],"version-history":[{"count":0,"href":"https:\/\/www.tonon.com\/fr\/wp-json\/wp\/v2\/pages\/1393\/revisions"}],"wp:attachment":[{"href":"https:\/\/www.tonon.com\/fr\/wp-json\/wp\/v2\/media?parent=1393"}],"curies":[{"name":"wp","href":"https:\/\/api.w.org\/{rel}","templated":true}]}}